{"id":10,"date":"2026-02-08T15:55:10","date_gmt":"2026-02-08T14:55:10","guid":{"rendered":"https:\/\/sochris.fr\/?page_id=10"},"modified":"2026-03-13T14:52:59","modified_gmt":"2026-03-13T13:52:59","slug":"a-propos-de","status":"publish","type":"page","link":"https:\/\/sochris.fr\/index.php\/a-propos-de\/","title":{"rendered":"Qui suis-je ?"},"content":{"rendered":"\n<p>Moi c&rsquo;est Christelle ! J&rsquo;ai 50 ans, pacs\u00e9e, 2 enfants de 9 et 11 ans.<\/p>\n\n\n\n<p>Apr\u00e8s plus de <strong>25 ans dans l\u2019accompagnement en expertise comptable aupr\u00e8s de chefs d\u2019entreprise<\/strong>, j\u2019ai ressenti le besoin de donner une nouvelle orientation \u00e0 mon parcours professionnel, plus en lien avec l\u2019humain et le mieux-\u00eatre.<\/p>\n\n\n\n<p>C\u2019est dans cette dynamique de reconversion que je me suis form\u00e9e au m\u00e9tier de <strong>sophrologue<\/strong> \u00e0 l\u2019<strong>\u00c9cole de Sophrologie PACA \u00e0 Aubagne<\/strong>, o\u00f9 j\u2019ai obtenu mon dipl\u00f4me.<br>L\u2019\u00e9cole est partenaire du r\u00e9seau de <strong>l\u2019Acad\u00e9mie de Sophrologie de Paris<\/strong>, cr\u00e9\u00e9e par le <strong>Dr Patrick-Andr\u00e9 Ch\u00e9n\u00e9<\/strong>.<\/p>\n\n\n\n<p>Aujourd\u2019hui, j\u2019accompagne chaque personne avec <strong>\u00e9coute, bienveillance, respect et authenticit\u00e9<\/strong>, dans un espace o\u00f9 chacun peut avancer \u00e0 son rythme, en toute confiance.<\/p>\n\n\n\n<p>Afin de r\u00e9pondre au mieux aux besoins de chacun, j\u2019ai compl\u00e9t\u00e9 ma formation par plusieurs sp\u00e9cialisations, notamment dans les domaines suivants :<\/p>\n\n\n\n<ul class=\"wp-block-list\">\n<li>la douleur<\/li>\n\n\n\n<li>les acouph\u00e8nes, l\u2019hyperacousie et les vertiges<\/li>\n\n\n\n<li>la p\u00e9rinatalit\u00e9<\/li>\n<\/ul>\n\n\n\n<p>Chaque accompagnement est personnalis\u00e9.<br>Chaque protocole est construit en fonction de l\u2019objectif du sophronisant, de son v\u00e9cu et de sa singularit\u00e9, car chaque personne est unique.<\/p>\n\n\n\n<p>Ma pratique s\u2019appuie sur les bases fondamentales de la sophrologie, telles qu\u2019elles ont \u00e9t\u00e9 \u00e9labor\u00e9es par le <strong>Professeur Alfonso Caycedo<\/strong>, dans le respect de l\u2019\u00eatre, de son rythme et de ses ressources.<\/p>\n\n\n\n<p>Apr\u00e8s avoir longtemps accompagn\u00e9 les personnes dans leur activit\u00e9 professionnelle, j\u2019ai aujourd\u2019hui \u00e0 c\u0153ur de les accompagner autrement : vers un <strong>mieux-\u00eatre<\/strong>, une meilleure connaissance de soi et une vie plus sereine au quotidien.<\/p>\n\n\n\n<p><\/p>\n","protected":false},"excerpt":{"rendered":"<p>Moi c&rsquo;est Christelle ! J&rsquo;ai 50 ans, pacs\u00e9e, 2 enfants de 9 et 11 ans. Apr\u00e8s plus de 25 ans dans l\u2019accompagnement en expertise comptable aupr\u00e8s de chefs d\u2019entreprise, j\u2019ai ressenti le besoin de donner une nouvelle orientation \u00e0 mon parcours professionnel, plus en lien avec l\u2019humain et le mieux-\u00eatre.<span class=\"more-link theme-more-link\"><a href=\"https:\/\/sochris.fr\/index.php\/a-propos-de\/\">Continue Reading<\/a><\/span><\/p>\n","protected":false},"author":1,"featured_media":0,"parent":0,"menu_order":0,"comment_status":"closed","ping_status":"closed","template":"","meta":{"footnotes":""},"class_list":["entry","author-chris","post-10","page","type-page","status-publish"],"_links":{"self":[{"href":"https:\/\/sochris.fr\/index.php\/wp-json\/wp\/v2\/pages\/10","targetHints":{"allow":["GET"]}}],"collection":[{"href":"https:\/\/sochris.fr\/index.php\/wp-json\/wp\/v2\/pages"}],"about":[{"href":"https:\/\/sochris.fr\/index.php\/wp-json\/wp\/v2\/types\/page"}],"author":[{"embeddable":true,"href":"https:\/\/sochris.fr\/index.php\/wp-json\/wp\/v2\/users\/1"}],"replies":[{"embeddable":true,"href":"https:\/\/sochris.fr\/index.php\/wp-json\/wp\/v2\/comments?post=10"}],"version-history":[{"count":11,"href":"https:\/\/sochris.fr\/index.php\/wp-json\/wp\/v2\/pages\/10\/revisions"}],"predecessor-version":[{"id":370,"href":"https:\/\/sochris.fr\/index.php\/wp-json\/wp\/v2\/pages\/10\/revisions\/370"}],"wp:attachment":[{"href":"https:\/\/sochris.fr\/index.php\/wp-json\/wp\/v2\/media?parent=10"}],"curies":[{"name":"wp","href":"https:\/\/api.w.org\/{rel}","templated":true}]}}